{"id":1237,"date":"2014-07-10T09:49:28","date_gmt":"2014-07-10T13:49:28","guid":{"rendered":"https:\/\/maratonespr.com\/?page_id=1237"},"modified":"2014-07-21T19:17:07","modified_gmt":"2014-07-21T23:17:07","slug":"registro-companero-para-correr","status":"publish","type":"page","link":"https:\/\/maratonespr.com\/?page_id=1237","title":{"rendered":"Registro de corredores(as)"},"content":{"rendered":"<p>Este es el formulario para registrarse en el directorio de corredores.\u00a0 El mismo es tambi\u00e9n para personas que\u00a0buscan un(a)\u00a0compa\u00f1ero(a)\u00a0para a correr\u00a0o quienes\u00a0est\u00e1n disponibles para acompa\u00f1ar\u00a0a alguien. Con este servicio\u00a0los corredores, ciclistas y triatletas pueden contactarse para entrenar juntos o simplemente hacer una ruta. Esta es\u00a0una buena oportunidad para conocer personas de distintos pueblos de la isla que tienen los mismos intereses.<\/p>\n<p><em>\u00a0<span style=\"color: #000000;\">[colored_box color=&#8221;green&#8221;]<\/span><div class=\"frm_forms  with_frm_style frm_style_formidable-style\" id=\"frm_form_2_container\" >\n<form enctype=\"multipart\/form-data\" method=\"post\" class=\"frm-show-form  frm_pro_form \" id=\"form_contact2\" >\n<div class=\"frm_form_fields \">\n<fieldset>\n<h3>Registro <\/h3>\r\n<div class=\"frm_description\"><p>Formulario para formar parte de los amig@s para correr.<\/p>\n<\/div><div class=\"frm_fields_container\">\n<input type=\"hidden\" name=\"frm_action\" value=\"create\" \/>\n<input type=\"hidden\" name=\"form_id\" value=\"2\" \/>\n<input type=\"hidden\" name=\"frm_hide_fields_2\" id=\"frm_hide_fields_2\" value=\"\" \/>\n<input type=\"hidden\" name=\"form_key\" value=\"contact2\" \/>\n<input type=\"hidden\" name=\"item_meta[0]\" value=\"\" \/>\n<input type=\"hidden\" id=\"frm_submit_entry_2\" name=\"frm_submit_entry_2\" value=\"08039149b7\" \/><input type=\"hidden\" name=\"_wp_http_referer\" value=\"\/index.php?rest_route=%2Fwp%2Fv2%2Fpages%2F1237\" \/><div id=\"frm_field_8_container\" class=\"frm_form_field form-field  frm_required_field frm_top_container frm_first_half\">\r\n    <label for=\"field_qh4icy2\" class=\"frm_primary_label\">Nombre\r\n        <span class=\"frm_required\">*<\/span>\r\n    <\/label>\r\n    <input  type=\"text\" id=\"field_qh4icy2\" name=\"item_meta[8]\" value=\"\"  data-reqmsg=\"Es necesario colocar su nombre.\" aria-required=\"true\" data-invmsg=\"Nombre is invalid\" aria-invalid=\"false\"   aria-describedby=\"frm_desc_field_qh4icy2\" \/>\r\n    <div id=\"frm_desc_field_qh4icy2\" class=\"frm_description\">First<\/div>\r\n    \r\n<\/div>\n<div id=\"frm_field_9_container\" class=\"frm_form_field form-field  frm_required_field frm_hidden_container frm_last_half\">\r\n    <label for=\"field_ocfup12\" class=\"frm_primary_label\">Apellido\r\n        <span class=\"frm_required\">*<\/span>\r\n    <\/label>\r\n    <input  type=\"text\" id=\"field_ocfup12\" name=\"item_meta[9]\" value=\"\"  data-reqmsg=\"Apellido cannot be blank.\" aria-required=\"true\" data-invmsg=\"Apellido is invalid\" aria-invalid=\"false\"   aria-describedby=\"frm_desc_field_ocfup12\" \/>\r\n    <div id=\"frm_desc_field_ocfup12\" class=\"frm_description\">Last<\/div>\r\n    \r\n<\/div>\n<div id=\"frm_field_19_container\" class=\"frm_form_field form-field  frm_top_container\">\r\n    <label for=\"field_pz83k5\" class=\"frm_primary_label\">Edad\r\n        <span class=\"frm_required\"><\/span>\r\n    <\/label>\r\n    <input  type=\"text\" id=\"field_pz83k5\" name=\"item_meta[19]\" value=\"\"  data-invmsg=\"Edad is invalid\" aria-invalid=\"false\"   \/>\r\n    \r\n    \r\n<\/div>\n<div id=\"frm_field_10_container\" class=\"frm_form_field form-field  frm_top_container frm_full\">\r\n    <label for=\"field_29yf4d2\" class=\"frm_primary_label\">Email\r\n        <span class=\"frm_required\"><\/span>\r\n    <\/label>\r\n    <input  type=\"text\" id=\"field_29yf4d2\" name=\"item_meta[10]\" value=\"\"  data-invmsg=\"Email is invalid\" aria-invalid=\"false\"   \/>\r\n    \r\n    \r\n<\/div>\n<div id=\"frm_field_35_container\" class=\"frm_form_field form-field  frm_top_container\">\r\n    <label for=\"field_odse88\" class=\"frm_primary_label\">Nombre en Facebook\r\n        <span class=\"frm_required\"><\/span>\r\n    <\/label>\r\n    <input  type=\"text\" id=\"field_odse88\" name=\"item_meta[35]\" value=\"\"  data-invmsg=\"Nombre en Facebook is invalid\" aria-invalid=\"false\"   \/>\r\n    \r\n    \r\n<\/div>\n<div id=\"frm_field_17_container\" class=\"frm_form_field form-field  frm_top_container\">\r\n    <label for=\"field_ayij94\" class=\"frm_primary_label\">Tel\u00e9fono\r\n        <span class=\"frm_required\"><\/span>\r\n    <\/label>\r\n    <input  type=\"text\" id=\"field_ayij94\" name=\"item_meta[17]\" value=\"\"  data-invmsg=\"Tel\u00e9fono is invalid\" aria-invalid=\"false\"   \/>\r\n    \r\n    \r\n<\/div>\n<div id=\"frm_field_12_container\" class=\"frm_form_field form-field  frm_required_field frm_top_container frm_full\">\r\n    <label for=\"field_e6lis62\" class=\"frm_primary_label\">Lugar o pueblo donde generalmente corre\r\n        <span class=\"frm_required\">*<\/span>\r\n    <\/label>\r\n    <input  type=\"text\" id=\"field_e6lis62\" name=\"item_meta[12]\" value=\"\"  data-reqmsg=\"Lugar o pueblo donde generalmente corre cannot be blank.\" aria-required=\"true\" data-invmsg=\"Lugar o pueblo donde generalmente corre is invalid\" aria-invalid=\"false\"   \/>\r\n    \r\n    \r\n<\/div>\n<div id=\"frm_field_23_container\" class=\"frm_form_field form-field  frm_top_container vertical_radio\">\r\n    <label  class=\"frm_primary_label\">D\u00edas que tiene disponible para correr\r\n        <span class=\"frm_required\"><\/span>\r\n    <\/label>\r\n    <div class=\"frm_opt_container\">\t\t<div class=\"frm_checkbox\" id=\"frm_checkbox_23-0\">\t\t\t<label  for=\"field_p10ac1-0\">\n\t\t\t<input type=\"checkbox\" name=\"item_meta[23][]\" id=\"field_p10ac1-0\" value=\"Lunes\"  data-invmsg=\"D\u00edas que tiene disponible para correr is invalid\"   \/> Lunes<\/label><\/div>\n\t\t<div class=\"frm_checkbox\" id=\"frm_checkbox_23-1\">\t\t\t<label  for=\"field_p10ac1-1\">\n\t\t\t<input type=\"checkbox\" name=\"item_meta[23][]\" id=\"field_p10ac1-1\" value=\"Martes\"  data-invmsg=\"D\u00edas que tiene disponible para correr is invalid\"   \/> Martes<\/label><\/div>\n\t\t<div class=\"frm_checkbox\" id=\"frm_checkbox_23-2\">\t\t\t<label  for=\"field_p10ac1-2\">\n\t\t\t<input type=\"checkbox\" name=\"item_meta[23][]\" id=\"field_p10ac1-2\" value=\"Mi\u00e9rcoles\"  data-invmsg=\"D\u00edas que tiene disponible para correr is invalid\"   \/> Mi\u00e9rcoles<\/label><\/div>\n\t\t<div class=\"frm_checkbox\" id=\"frm_checkbox_23-3\">\t\t\t<label  for=\"field_p10ac1-3\">\n\t\t\t<input type=\"checkbox\" name=\"item_meta[23][]\" id=\"field_p10ac1-3\" value=\"Jueves\"  data-invmsg=\"D\u00edas que tiene disponible para correr is invalid\"   \/> Jueves<\/label><\/div>\n\t\t<div class=\"frm_checkbox\" id=\"frm_checkbox_23-4\">\t\t\t<label  for=\"field_p10ac1-4\">\n\t\t\t<input type=\"checkbox\" name=\"item_meta[23][]\" id=\"field_p10ac1-4\" value=\"Viernes\"  data-invmsg=\"D\u00edas que tiene disponible para correr is invalid\"   \/> Viernes<\/label><\/div>\n\t\t<div class=\"frm_checkbox\" id=\"frm_checkbox_23-5\">\t\t\t<label  for=\"field_p10ac1-5\">\n\t\t\t<input type=\"checkbox\" name=\"item_meta[23][]\" id=\"field_p10ac1-5\" value=\"S\u00e1bado\"  data-invmsg=\"D\u00edas que tiene disponible para correr is invalid\"   \/> S\u00e1bado<\/label><\/div>\n\t\t<div class=\"frm_checkbox\" id=\"frm_checkbox_23-6\">\t\t\t<label  for=\"field_p10ac1-6\">\n\t\t\t<input type=\"checkbox\" name=\"item_meta[23][]\" id=\"field_p10ac1-6\" value=\"Domingo\"  data-invmsg=\"D\u00edas que tiene disponible para correr is invalid\"   \/> Domingo<\/label><\/div>\n\t\t<div class=\"frm_checkbox\" id=\"frm_checkbox_23-7\">\t\t\t<label  for=\"field_p10ac1-7\">\n\t\t\t<input type=\"checkbox\" name=\"item_meta[23][]\" id=\"field_p10ac1-7\" value=\"Todos los d\u00edas\"  data-invmsg=\"D\u00edas que tiene disponible para correr is invalid\"   \/> Todos los d\u00edas<\/label><\/div>\n<\/div>\r\n    \r\n    \r\n<\/div>\n<div id=\"frm_field_22_container\" class=\"frm_form_field form-field  frm_top_container\">\r\n    <label for=\"field_npi3a\" class=\"frm_primary_label\">Horas en la que prefiere correr (puede escribir varias)\r\n        <span class=\"frm_required\"><\/span>\r\n    <\/label>\r\n    <input  type=\"text\" id=\"field_npi3a\" name=\"item_meta[22]\" value=\"\"  data-invmsg=\"Horas en la que prefiere correr (puede escribir varias) is invalid\" aria-invalid=\"false\"   \/>\r\n    \r\n    \r\n<\/div>\n<div id=\"frm_field_16_container\" class=\"frm_form_field form-field  frm_top_container vertical_radio\">\r\n    <label  class=\"frm_primary_label\">\u00bfPara qu\u00e9 deporte est\u00e1 buscando un compa\u00f1ero o compa\u00f1era?\r\n        <span class=\"frm_required\"><\/span>\r\n    <\/label>\r\n    <div class=\"frm_opt_container\">\t\t<div class=\"frm_checkbox\" id=\"frm_checkbox_16-0\">\t\t\t<label  for=\"field_ui2h19-0\">\n\t\t\t<input type=\"checkbox\" name=\"item_meta[16][]\" id=\"field_ui2h19-0\" value=\"Correr\"  data-invmsg=\"\u00bfPara qu\u00e9 deporte est\u00e1 buscando un compa\u00f1ero o compa\u00f1era? is invalid\"   \/> Correr<\/label><\/div>\n\t\t<div class=\"frm_checkbox\" id=\"frm_checkbox_16-1\">\t\t\t<label  for=\"field_ui2h19-1\">\n\t\t\t<input type=\"checkbox\" name=\"item_meta[16][]\" id=\"field_ui2h19-1\" value=\"Ciclismo de ruta\"  data-invmsg=\"\u00bfPara qu\u00e9 deporte est\u00e1 buscando un compa\u00f1ero o compa\u00f1era? is invalid\"   \/> Ciclismo de ruta<\/label><\/div>\n\t\t<div class=\"frm_checkbox\" id=\"frm_checkbox_16-2\">\t\t\t<label  for=\"field_ui2h19-2\">\n\t\t\t<input type=\"checkbox\" name=\"item_meta[16][]\" id=\"field_ui2h19-2\" value=\"Triatl\u00f3n\"  data-invmsg=\"\u00bfPara qu\u00e9 deporte est\u00e1 buscando un compa\u00f1ero o compa\u00f1era? is invalid\"   \/> Triatl\u00f3n<\/label><\/div>\n\t\t<div class=\"frm_checkbox\" id=\"frm_checkbox_16-3\">\t\t\t<label  for=\"field_ui2h19-3\">\n\t\t\t<input type=\"checkbox\" name=\"item_meta[16][]\" id=\"field_ui2h19-3\" value=\"MTB\"  data-invmsg=\"\u00bfPara qu\u00e9 deporte est\u00e1 buscando un compa\u00f1ero o compa\u00f1era? is invalid\"   \/> MTB<\/label><\/div>\n<\/div>\r\n    \r\n    \r\n<\/div>\n<div id=\"frm_field_11_container\" class=\"frm_form_field form-field  frm_top_container frm_full\">\r\n    <label for=\"field_itt5me2\" class=\"frm_primary_label\">\u00bfQu\u00e9 distancia generalmente corre?\r\n        <span class=\"frm_required\"><\/span>\r\n    <\/label>\r\n    <input  type=\"text\" id=\"field_itt5me2\" name=\"item_meta[11]\" value=\"\"  data-invmsg=\"\u00bfQu\u00e9 distancia generalmente corre? is invalid\" aria-invalid=\"false\"   \/>\r\n    \r\n    \r\n<\/div>\n<div id=\"frm_field_18_container\" class=\"frm_form_field form-field  frm_top_container vertical_radio\">\r\n    <label  class=\"frm_primary_label\">\u00bfEdad ideal de la persona que lo acompa\u00f1e a correr?\r\n        <span class=\"frm_required\"><\/span>\r\n    <\/label>\r\n    <div class=\"frm_opt_container\">\t\t<div class=\"frm_checkbox\" id=\"frm_checkbox_18-1\">\t\t\t<label  for=\"field_r6azf0-1\">\n\t\t\t<input type=\"checkbox\" name=\"item_meta[18][]\" id=\"field_r6azf0-1\" value=\"18-24\"  data-invmsg=\"\u00bfEdad ideal de la persona que lo acompa\u00f1e a correr? is invalid\"   \/> 18-24<\/label><\/div>\n\t\t<div class=\"frm_checkbox\" id=\"frm_checkbox_18-2\">\t\t\t<label  for=\"field_r6azf0-2\">\n\t\t\t<input type=\"checkbox\" name=\"item_meta[18][]\" id=\"field_r6azf0-2\" value=\"25-34\"  data-invmsg=\"\u00bfEdad ideal de la persona que lo acompa\u00f1e a correr? is invalid\"   \/> 25-34<\/label><\/div>\n\t\t<div class=\"frm_checkbox\" id=\"frm_checkbox_18-3\">\t\t\t<label  for=\"field_r6azf0-3\">\n\t\t\t<input type=\"checkbox\" name=\"item_meta[18][]\" id=\"field_r6azf0-3\" value=\"35-44\"  data-invmsg=\"\u00bfEdad ideal de la persona que lo acompa\u00f1e a correr? is invalid\"   \/> 35-44<\/label><\/div>\n\t\t<div class=\"frm_checkbox\" id=\"frm_checkbox_18-4\">\t\t\t<label  for=\"field_r6azf0-4\">\n\t\t\t<input type=\"checkbox\" name=\"item_meta[18][]\" id=\"field_r6azf0-4\" value=\"45-54\"  data-invmsg=\"\u00bfEdad ideal de la persona que lo acompa\u00f1e a correr? is invalid\"   \/> 45-54<\/label><\/div>\n\t\t<div class=\"frm_checkbox\" id=\"frm_checkbox_18-5\">\t\t\t<label  for=\"field_r6azf0-5\">\n\t\t\t<input type=\"checkbox\" name=\"item_meta[18][]\" id=\"field_r6azf0-5\" value=\"55-64\"  data-invmsg=\"\u00bfEdad ideal de la persona que lo acompa\u00f1e a correr? is invalid\"   \/> 55-64<\/label><\/div>\n\t\t<div class=\"frm_checkbox\" id=\"frm_checkbox_18-6\">\t\t\t<label  for=\"field_r6azf0-6\">\n\t\t\t<input type=\"checkbox\" name=\"item_meta[18][]\" id=\"field_r6azf0-6\" value=\"M\u00e1s de 65\"  data-invmsg=\"\u00bfEdad ideal de la persona que lo acompa\u00f1e a correr? is invalid\"   \/> M\u00e1s de 65<\/label><\/div>\n\t\t<div class=\"frm_checkbox\" id=\"frm_checkbox_18-7\">\t\t\t<label  for=\"field_r6azf0-7\">\n\t\t\t<input type=\"checkbox\" name=\"item_meta[18][]\" id=\"field_r6azf0-7\" value=\"Cualquier edad\"  data-invmsg=\"\u00bfEdad ideal de la persona que lo acompa\u00f1e a correr? is invalid\"   \/> Cualquier edad<\/label><\/div>\n<\/div>\r\n    \r\n    \r\n<\/div>\n<div id=\"frm_field_13_container\" class=\"frm_form_field form-field  frm_top_container frm_full\">\r\n    <label for=\"field_9jv0r12\" class=\"frm_primary_label\">Otros detalles que desee incluir (Ej. metas que le interesa conseguir corriendo, etc.)\r\n        <span class=\"frm_required\"><\/span>\r\n    <\/label>\r\n    <textarea name=\"item_meta[13]\" id=\"field_9jv0r12\" rows=\"5\"  data-invmsg=\"Otros detalles que desee incluir (Ej. metas que le interesa conseguir corriendo, etc.) is invalid\" aria-invalid=\"false\"  ><\/textarea>\r\n    \r\n    \r\n<\/div>\n<div id=\"frm_field_149_container\" class=\"frm_form_field form-field \">\n\t<div class=\"frm_submit\">\r\n\r\n<input type=\"submit\" value=\"Enviar\"  class=\"frm_final_submit\" \/>\r\n<img decoding=\"async\" class=\"frm_ajax_loading\" src=\"https:\/\/maratonespr.com\/wp-content\/plugins\/formidable\/images\/ajax_loader.gif\" alt=\"Sending\" style=\"visibility:hidden;\" \/>\r\n\r\n<\/div>\n<\/div>\n\t<input type=\"hidden\" name=\"item_key\" value=\"\" \/>\n\t\t\t<div id=\"frm_field_227_container\">\n\t\t\t<label for=\"field_z6232\" >\n\t\t\t\tIf you are human, leave this field blank.\t\t\t<\/label>\n\t\t\t<input  id=\"field_z6232\" type=\"text\" class=\"frm_form_field form-field frm_verify\" name=\"item_meta[227]\" value=\"\"  \/>\n\t\t<\/div>\n\t\t<input name=\"frm_state\" type=\"hidden\" value=\"brGiBraMdayFIByilFeo0Pq\/WIhLpLtVHNuw5zjEjs7FyJu16BWKx55Y7sLNGNPr\" \/><\/div>\n<\/fieldset>\n<\/div>\n\n<\/form>\n<\/div>\n<\/em><em><span style=\"color: #000000;\">[\/colored_box]<\/span><\/em><\/p>\n<p>&nbsp;<\/p>\n<p>&nbsp;<\/p>\n<p><span style=\"color: #999999;\">Nota: Al completar el formulario publicaremos su informaci\u00f3n en la p\u00e1gina de Maratonespr.<em> Servicio para personas mayores de 18 a\u00f1os. Para remover su informaci\u00f3n del directorio o hacer alguna actualizaci\u00f3n puede escribir a: <a href=\"mailto:maratonespr@gmail.com\"><span style=\"color: #999999;\">maratonespr@gmail.com<\/span><\/a><\/em><\/span><\/p>\n","protected":false},"excerpt":{"rendered":"<p>Este es el formulario para registrarse en el directorio de corredores.\u00a0 El mismo es tambi\u00e9n para personas que\u00a0buscan un(a)\u00a0compa\u00f1ero(a)\u00a0para a correr\u00a0o quienes\u00a0est\u00e1n disponibles para acompa\u00f1ar\u00a0a alguien. Con este servicio\u00a0los corredores, [&hellip;]<\/p>\n","protected":false},"author":1,"featured_media":0,"parent":0,"menu_order":0,"comment_status":"open","ping_status":"open","template":"","meta":{"footnotes":""},"class_list":["post-1237","page","type-page","status-publish","hentry"],"_links":{"self":[{"href":"https:\/\/maratonespr.com\/index.php?rest_route=\/wp\/v2\/pages\/1237","targetHints":{"allow":["GET"]}}],"collection":[{"href":"https:\/\/maratonespr.com\/index.php?rest_route=\/wp\/v2\/pages"}],"about":[{"href":"https:\/\/maratonespr.com\/index.php?rest_route=\/wp\/v2\/types\/page"}],"author":[{"embeddable":true,"href":"https:\/\/maratonespr.com\/index.php?rest_route=\/wp\/v2\/users\/1"}],"replies":[{"embeddable":true,"href":"https:\/\/maratonespr.com\/index.php?rest_route=%2Fwp%2Fv2%2Fcomments&post=1237"}],"version-history":[{"count":15,"href":"https:\/\/maratonespr.com\/index.php?rest_route=\/wp\/v2\/pages\/1237\/revisions"}],"predecessor-version":[{"id":1380,"href":"https:\/\/maratonespr.com\/index.php?rest_route=\/wp\/v2\/pages\/1237\/revisions\/1380"}],"wp:attachment":[{"href":"https:\/\/maratonespr.com\/index.php?rest_route=%2Fwp%2Fv2%2Fmedia&parent=1237"}],"curies":[{"name":"wp","href":"https:\/\/api.w.org\/{rel}","templated":true}]}}