{"id":2,"date":"2013-06-07T17:24:41","date_gmt":"2013-06-07T17:24:41","guid":{"rendered":"https:\/\/maratonespr.com\/?page_id=2"},"modified":"2013-07-08T20:51:32","modified_gmt":"2013-07-09T00:51:32","slug":"sample-page","status":"publish","type":"page","link":"https:\/\/maratonespr.com\/?page_id=2","title":{"rendered":"BIENVENIDOS"},"content":{"rendered":"<p>\u00a1Saludos!<\/p>\n<p>Un concepto que se origin\u00f3 en las redes sociales llega a su versi\u00f3n Web. Les damos la bienvenida a la revista digital MaratonesPR, una publicaci\u00f3n dirigida a informar sobre todo lo relacionado a tres de los deportes de m\u00e1s auge en Puerto Rico: Ciclismo, Running y Triatl\u00f3n.\u00a0 Ciertamente, son miles los que diariamente practican una de estas disciplinas en la isla, as\u00ed como otras actividades f\u00edsicas como ir al gimnasio, nadar o simplemente caminar.<\/p>\n<p>La idea detr\u00e1s de la publicaci\u00f3n es crear un espacio en el que se exponga informaci\u00f3n y noticias relacionadas a estos deportes que son realizados a lo largo y ancho del pa\u00eds. \u00a0Es conocido que muchas veces estas disciplinas deportivas no son cubiertas por los medios tradicionales en Puerto Rico dejando de dar a conocer las grandes historias que se desarrollan en cada evento y que valdr\u00eda la pena exponer. Con la misi\u00f3n de proveer un foro para los que gustan de dichos deportes, nos proponemos cubrir noticias del \u00e1mbito local tales como las carreras 5k que se realizan cada domingo en el pa\u00eds. Adem\u00e1s, eventos internacionales que pudieran ser de inter\u00e9s para nuestros lectores.<\/p>\n<p>MaratonesPR un medio dirigido espec\u00edficamente al p\u00fablico que gusta del deporte. \u00a0Existen otras publicaciones de contenido internacional similares, pero su idioma, temas e idiosincrasia no est\u00e1n dirigidos espec\u00edficamente a quienes practican el running. Nuestro lenguaje es el que todos en el pa\u00eds conoce, por lo que podr\u00e1s disfrutar de cada art\u00edculo e identificarte con cada historia rese\u00f1ada.<\/p>\n<p>En esta edici\u00f3n digital se podr\u00e1n encontrar noticias, resultados de eventos y fotos actualizadas de carreras. \u00a0Adem\u00e1s, se incluyen art\u00edculos sobre c\u00f3mo mejorar las destrezas de correr, pr\u00f3ximas carreras a realizarse en el pa\u00eds y m\u00e1s.<\/p>\n<p>Esperamos disfruten de cada secci\u00f3n de la revista y le invitamos a estar pendientes de nuestra p\u00e1gina.<\/p>\n<p>MaratonesPR<\/p>\n","protected":false},"excerpt":{"rendered":"<p>\u00a1Saludos! Un concepto que se origin\u00f3 en las redes sociales llega a su versi\u00f3n Web. Les damos la bienvenida a la revista digital MaratonesPR, una publicaci\u00f3n dirigida a informar sobre [&hellip;]<\/p>\n","protected":false},"author":1,"featured_media":0,"parent":0,"menu_order":0,"comment_status":"open","ping_status":"open","template":"","meta":{"footnotes":""},"class_list":["post-2","page","type-page","status-publish","hentry"],"_links":{"self":[{"href":"https:\/\/maratonespr.com\/index.php?rest_route=\/wp\/v2\/pages\/2","targetHints":{"allow":["GET"]}}],"collection":[{"href":"https:\/\/maratonespr.com\/index.php?rest_route=\/wp\/v2\/pages"}],"about":[{"href":"https:\/\/maratonespr.com\/index.php?rest_route=\/wp\/v2\/types\/page"}],"author":[{"embeddable":true,"href":"https:\/\/maratonespr.com\/index.php?rest_route=\/wp\/v2\/users\/1"}],"replies":[{"embeddable":true,"href":"https:\/\/maratonespr.com\/index.php?rest_route=%2Fwp%2Fv2%2Fcomments&post=2"}],"version-history":[{"count":7,"href":"https:\/\/maratonespr.com\/index.php?rest_route=\/wp\/v2\/pages\/2\/revisions"}],"predecessor-version":[{"id":389,"href":"https:\/\/maratonespr.com\/index.php?rest_route=\/wp\/v2\/pages\/2\/revisions\/389"}],"wp:attachment":[{"href":"https:\/\/maratonespr.com\/index.php?rest_route=%2Fwp%2Fv2%2Fmedia&parent=2"}],"curies":[{"name":"wp","href":"https:\/\/api.w.org\/{rel}","templated":true}]}}