{"id":2833,"date":"2015-03-07T16:42:15","date_gmt":"2015-03-07T20:42:15","guid":{"rendered":"https:\/\/maratonespr.com\/?page_id=2833"},"modified":"2023-04-06T09:50:42","modified_gmt":"2023-04-06T13:50:42","slug":"2833-2","status":"publish","type":"page","link":"https:\/\/maratonespr.com\/?page_id=2833","title":{"rendered":"Contacto"},"content":{"rendered":"<p>\u00a1Saludos!<\/p>\n<p>Muchas gracias por visitar la p\u00e1gina de internet Maratonespr.com. Nuestro objetivo es crear una platafoma para exponer las noticias m\u00e1s importantes en el mundo del running. Tambi\u00e9n ofrecer informaci\u00f3n de inter\u00e9s para corredores de todos los niveles.<\/p>\n<h5>Para comunicarse con nosotros en Maratonespr.com puede escribir a:<\/h5>\n<p><strong>Email:<\/strong> <span style=\"color: #0000ff;\">maratonespr@gmail.com<\/span><\/p>\n<h3>En las redes sociales<\/h3>\n<p><strong><a href=\"https:\/\/twitter.com\/intent\/follow?screen_name=maratonespr\"><span style=\"color: black;\">Twitter: maratonespr<\/span><\/a><br \/>\n<a href=\"https:\/\/www.facebook.com\/maratones\"><span style=\"color: black;\">Facebook: maratonespr.com<\/span><\/a><br \/>\n<a href=\"http:\/\/instagram.com\/p\/rhFOa2pnrq\/\"><span style=\"color: black;\">Instagram: maratonespr<\/span><\/a><br \/>\n<a href=\"http:\/\/www.pinterest.com\/maratonespr\/\"><span style=\"color: black;\">Pinterest: pinterest\/maratonespr<\/span><\/a><\/strong><\/p>\n<p><span style=\"color: #000000;\"><a style=\"color: #000000;\" href=\"https:\/\/www.youtube.com\/channel\/UCLEngTN96288IvToLllhdwQ\"><strong>Youtube: Maratonespr Noticias<\/strong><\/a><\/span><br \/>\n<span style=\"color: #000000;\"><strong>TikTok Maratonespr<\/strong><\/span><\/p>\n","protected":false},"excerpt":{"rendered":"<p>\u00a1Saludos! Muchas gracias por visitar la p\u00e1gina de internet Maratonespr.com. Nuestro objetivo es crear una platafoma para exponer las noticias m\u00e1s importantes en el mundo del running. Tambi\u00e9n ofrecer informaci\u00f3n [&hellip;]<\/p>\n","protected":false},"author":1,"featured_media":0,"parent":0,"menu_order":0,"comment_status":"open","ping_status":"open","template":"","meta":{"footnotes":""},"class_list":["post-2833","page","type-page","status-publish","hentry"],"_links":{"self":[{"href":"https:\/\/maratonespr.com\/index.php?rest_route=\/wp\/v2\/pages\/2833","targetHints":{"allow":["GET"]}}],"collection":[{"href":"https:\/\/maratonespr.com\/index.php?rest_route=\/wp\/v2\/pages"}],"about":[{"href":"https:\/\/maratonespr.com\/index.php?rest_route=\/wp\/v2\/types\/page"}],"author":[{"embeddable":true,"href":"https:\/\/maratonespr.com\/index.php?rest_route=\/wp\/v2\/users\/1"}],"replies":[{"embeddable":true,"href":"https:\/\/maratonespr.com\/index.php?rest_route=%2Fwp%2Fv2%2Fcomments&post=2833"}],"version-history":[{"count":49,"href":"https:\/\/maratonespr.com\/index.php?rest_route=\/wp\/v2\/pages\/2833\/revisions"}],"predecessor-version":[{"id":12937,"href":"https:\/\/maratonespr.com\/index.php?rest_route=\/wp\/v2\/pages\/2833\/revisions\/12937"}],"wp:attachment":[{"href":"https:\/\/maratonespr.com\/index.php?rest_route=%2Fwp%2Fv2%2Fmedia&parent=2833"}],"curies":[{"name":"wp","href":"https:\/\/api.w.org\/{rel}","templated":true}]}}