{"id":323,"date":"2013-06-25T01:49:27","date_gmt":"2013-06-25T01:49:27","guid":{"rendered":"https:\/\/maratonespr.com\/?page_id=323"},"modified":"2025-07-12T11:26:50","modified_gmt":"2025-07-12T15:26:50","slug":"nutricion","status":"publish","type":"page","link":"https:\/\/maratonespr.com\/?page_id=323","title":{"rendered":"Publicidad"},"content":{"rendered":"<p>Haz promoci\u00f3n en la p\u00e1gina de Internet l\u00edder en running y maratones en Puerto Rico. Ofrecemos distintos servicios de publicidad.<\/p>\n<h4><strong>Maratonespr.com es una gran opci\u00f3n de publicidad para:<\/strong><\/h4>\n<ul>\n<li>Organizadores de carreras<\/li>\n<li>Productos deportivos<\/li>\n<li>Tiendas de corredores<\/li>\n<li>Productos nutricionales<\/li>\n<li>Establecimientos de comida saludable<\/li>\n<li>Profesionales de la medicina deportiva<\/li>\n<\/ul>\n<h4><span style=\"color: #000000;\"><strong>Nuestros servicios de publicidad incluyen:<\/strong><\/span><\/h4>\n<ul>\n<li>Anuncios en nuestras redes sociales (Facebook, Instagram, Youtube, Twitter)<\/li>\n<li>Banner\/Flyer publicitario en p\u00e1gina Web Maratonespr.com<\/li>\n<li>Videos promocionales<\/li>\n<li>Otros<\/li>\n<\/ul>\n<p><strong>P<\/strong><strong>ara informaci\u00f3n puede comunicarse al email:<\/strong>\u00a0<span style=\"color: #0000ff;\">maratonespr@gmail.com<\/span><\/p>\n","protected":false},"excerpt":{"rendered":"<p>Haz promoci\u00f3n en la p\u00e1gina de Internet l\u00edder en running y maratones en Puerto Rico. Ofrecemos distintos servicios de publicidad. Maratonespr.com es una gran opci\u00f3n de publicidad para: Organizadores de [&hellip;]<\/p>\n","protected":false},"author":1,"featured_media":0,"parent":0,"menu_order":0,"comment_status":"open","ping_status":"open","template":"","meta":{"footnotes":""},"class_list":["post-323","page","type-page","status-publish","hentry"],"_links":{"self":[{"href":"https:\/\/maratonespr.com\/index.php?rest_route=\/wp\/v2\/pages\/323","targetHints":{"allow":["GET"]}}],"collection":[{"href":"https:\/\/maratonespr.com\/index.php?rest_route=\/wp\/v2\/pages"}],"about":[{"href":"https:\/\/maratonespr.com\/index.php?rest_route=\/wp\/v2\/types\/page"}],"author":[{"embeddable":true,"href":"https:\/\/maratonespr.com\/index.php?rest_route=\/wp\/v2\/users\/1"}],"replies":[{"embeddable":true,"href":"https:\/\/maratonespr.com\/index.php?rest_route=%2Fwp%2Fv2%2Fcomments&post=323"}],"version-history":[{"count":49,"href":"https:\/\/maratonespr.com\/index.php?rest_route=\/wp\/v2\/pages\/323\/revisions"}],"predecessor-version":[{"id":15663,"href":"https:\/\/maratonespr.com\/index.php?rest_route=\/wp\/v2\/pages\/323\/revisions\/15663"}],"wp:attachment":[{"href":"https:\/\/maratonespr.com\/index.php?rest_route=%2Fwp%2Fv2%2Fmedia&parent=323"}],"curies":[{"name":"wp","href":"https:\/\/api.w.org\/{rel}","templated":true}]}}