{"id":3623,"date":"2015-07-22T08:29:51","date_gmt":"2015-07-22T12:29:51","guid":{"rendered":"https:\/\/maratonespr.com\/?page_id=3623"},"modified":"2026-01-18T09:56:56","modified_gmt":"2026-01-18T13:56:56","slug":"foro-2","status":"publish","type":"page","link":"https:\/\/maratonespr.com\/?page_id=3623","title":{"rendered":"Planes de Entrenamiento"},"content":{"rendered":"\n<p><strong>OBT\u00c9N M\u00daLTIPLES PLANES DE RUNNING: DESDE 5K B\u00c1SICO HASTA 21K (PLANES DIGITALES)<\/strong><\/p>\n\n\n\n<p>Adquiere diversos planes entrenamiento dirigidos a fortalecer las destrezas de running, algo que puede ayudarte a alcanzar tus metas como corredor. Esta es una excelente opci\u00f3n para aquellas personas que desean mejorar sus tiempos como corredores, pero tambi\u00e9n para los que buscan planes para distintas distancia. Al adquirirlos te damos acceso un \u00e1rea de nuestra p\u00e1gina web donde podr\u00e1s descargar todos los plantes 5k, 10k &amp; 21k.<\/p>\n\n\n\n<p><strong><u>Incluye todo esto:<\/u><\/strong><\/p>\n\n\n\n<ul class=\"wp-block-list\"><li>Plan de Entrenamiento B\u00e1sico 5k<\/li><li>Plan de Entrenamiento 5k Avanzado<\/li><li>Plan de Entrenamiento 10k<\/li><li>Plan de Entrenamiento 21K<\/li><li>Tabla de anotaci\u00f3n de entrenamientos<\/li><li>Planes calendarizados f\u00e1ciles de seguir<\/li><li>Conceptos de importantes de entrenamiento<\/li><li><strong>Al adquirirlo te enviaremos un c\u00f3digo acceso por email para acceder a los planes<\/strong><\/li><\/ul>\n\n\n\n<p>Es una manera econ\u00f3mica y eficaz para comenzar a trabajar en tus objetivos como corredor. <\/p>\n\n\n<h3><strong data-rich-text-format-boundary=\"true\">ADQUIERE TUS PLANES DE RUNNING AQU\u00cd:<\/strong><\/h3>\n<h5>Precio especial $6.00 (<del>Regular<\/del> <del>$10.00<\/del>). Luego de realizar el pago te enviaremos por email un c\u00f3digo de acceso.<\/h5>\n<h4><strong>Opci\u00f3n 1: Comprarla<\/strong>&nbsp;Online con tarjeta de cr\u00e9dito. <a href=\"https:\/\/maratonespr.com\/?product=guia-de-running-impresa\"><strong>Haz clic aqu\u00ed.&nbsp;<\/strong><\/a><\/h4>\n<p><a href=\"https:\/\/maratonespr.com\/?product=guia-de-running-impresa\"><img loading=\"lazy\" decoding=\"async\" class=\"alignnone  wp-image-7983\" src=\"https:\/\/maratonespr.com\/wp-content\/uploads\/2019\/07\/Visa-MasterCard-Paypal.jpg\" alt=\"\" width=\"495\" height=\"99\" srcset=\"https:\/\/maratonespr.com\/wp-content\/uploads\/2019\/07\/Visa-MasterCard-Paypal.jpg 1128w, https:\/\/maratonespr.com\/wp-content\/uploads\/2019\/07\/Visa-MasterCard-Paypal-300x60.jpg 300w, https:\/\/maratonespr.com\/wp-content\/uploads\/2019\/07\/Visa-MasterCard-Paypal-768x154.jpg 768w, https:\/\/maratonespr.com\/wp-content\/uploads\/2019\/07\/Visa-MasterCard-Paypal-1024x205.jpg 1024w\" sizes=\"auto, (max-width: 495px) 100vw, 495px\" \/><\/a><\/p>\n<h4><strong>Opci\u00f3n 2:<\/strong> Env\u00eda $6.00 a trav\u00e9s de ATH M\u00f3vil a la cuenta business: Maratonespr<\/h4>\n<div id=\"attachment_7046\" style=\"width: 504px\" class=\"wp-caption alignleft\"><a href=\"https:\/\/maratonespr.com\/wp-content\/uploads\/2018\/11\/ATH-MOVIL-Business.jpg\"><img loading=\"lazy\" decoding=\"async\" aria-describedby=\"caption-attachment-7046\" class=\"wp-image-7046\" src=\"https:\/\/maratonespr.com\/wp-content\/uploads\/2018\/11\/ATH-MOVIL-Business.jpg\" alt=\"\" width=\"494\" height=\"126\" srcset=\"https:\/\/maratonespr.com\/wp-content\/uploads\/2018\/11\/ATH-MOVIL-Business.jpg 849w, https:\/\/maratonespr.com\/wp-content\/uploads\/2018\/11\/ATH-MOVIL-Business-300x76.jpg 300w, https:\/\/maratonespr.com\/wp-content\/uploads\/2018\/11\/ATH-MOVIL-Business-768x195.jpg 768w\" sizes=\"auto, (max-width: 494px) 100vw, 494px\" \/><\/a><p id=\"caption-attachment-7046\" class=\"wp-caption-text\">Al hacer el pago por ATH M\u00f3vil Business le enviaremos un email de confirmaci\u00f3n y un c\u00f3digo de acceso.<\/p><\/div>\n\n\n<p><\/p>\n\n\n\n<div style=\"height:48px\" aria-hidden=\"true\" class=\"wp-block-spacer\"><\/div>\n\n\n\n<figure class=\"wp-block-image size-full\"><img loading=\"lazy\" decoding=\"async\" width=\"472\" height=\"480\" src=\"https:\/\/maratonespr.com\/wp-content\/uploads\/2021\/02\/PromoWeb_GuiaEntrenamiento.jpg\" alt=\"\" class=\"wp-image-10310\" srcset=\"https:\/\/maratonespr.com\/wp-content\/uploads\/2021\/02\/PromoWeb_GuiaEntrenamiento.jpg 472w, https:\/\/maratonespr.com\/wp-content\/uploads\/2021\/02\/PromoWeb_GuiaEntrenamiento-300x305.jpg 300w\" sizes=\"auto, (max-width: 472px) 100vw, 472px\" \/><\/figure>\n\n\n\n<p>Los planes son digitales en PDF, pero se puede imprimir. <\/p>\n\n\n\n<p><\/p>\n","protected":false},"excerpt":{"rendered":"<p>OBT\u00c9N M\u00daLTIPLES PLANES DE RUNNING: DESDE 5K B\u00c1SICO HASTA 21K (PLANES DIGITALES) Adquiere diversos planes entrenamiento dirigidos a fortalecer las destrezas de running, algo que puede ayudarte a alcanzar tus [&hellip;]<\/p>\n","protected":false},"author":1,"featured_media":0,"parent":0,"menu_order":0,"comment_status":"open","ping_status":"open","template":"page-fullwidth.php","meta":{"footnotes":""},"class_list":["post-3623","page","type-page","status-publish","hentry"],"_links":{"self":[{"href":"https:\/\/maratonespr.com\/index.php?rest_route=\/wp\/v2\/pages\/3623","targetHints":{"allow":["GET"]}}],"collection":[{"href":"https:\/\/maratonespr.com\/index.php?rest_route=\/wp\/v2\/pages"}],"about":[{"href":"https:\/\/maratonespr.com\/index.php?rest_route=\/wp\/v2\/types\/page"}],"author":[{"embeddable":true,"href":"https:\/\/maratonespr.com\/index.php?rest_route=\/wp\/v2\/users\/1"}],"replies":[{"embeddable":true,"href":"https:\/\/maratonespr.com\/index.php?rest_route=%2Fwp%2Fv2%2Fcomments&post=3623"}],"version-history":[{"count":33,"href":"https:\/\/maratonespr.com\/index.php?rest_route=\/wp\/v2\/pages\/3623\/revisions"}],"predecessor-version":[{"id":16337,"href":"https:\/\/maratonespr.com\/index.php?rest_route=\/wp\/v2\/pages\/3623\/revisions\/16337"}],"wp:attachment":[{"href":"https:\/\/maratonespr.com\/index.php?rest_route=%2Fwp%2Fv2%2Fmedia&parent=3623"}],"curies":[{"name":"wp","href":"https:\/\/api.w.org\/{rel}","templated":true}]}}