{"id":7676,"date":"2019-06-17T17:11:25","date_gmt":"2019-06-17T21:11:25","guid":{"rendered":"https:\/\/maratonespr.com\/?page_id=7676"},"modified":"2026-01-06T10:11:36","modified_gmt":"2026-01-06T14:11:36","slug":"10k-san-silvestre","status":"publish","type":"page","link":"https:\/\/maratonespr.com\/?page_id=7676","title":{"rendered":"10k San Silvestre"},"content":{"rendered":"\n<figure class=\"wp-block-image size-large\"><img loading=\"lazy\" decoding=\"async\" width=\"851\" height=\"315\" src=\"https:\/\/maratonespr.com\/wp-content\/uploads\/2021\/01\/fACEBOOK-headerSAnS1.jpg\" alt=\"\" class=\"wp-image-10000\" srcset=\"https:\/\/maratonespr.com\/wp-content\/uploads\/2021\/01\/fACEBOOK-headerSAnS1.jpg 851w, https:\/\/maratonespr.com\/wp-content\/uploads\/2021\/01\/fACEBOOK-headerSAnS1-300x111.jpg 300w, https:\/\/maratonespr.com\/wp-content\/uploads\/2021\/01\/fACEBOOK-headerSAnS1-768x284.jpg 768w\" sizes=\"auto, (max-width: 851px) 100vw, 851px\" \/><\/figure>\n\n\n<h3><span style=\"color: #000000;\">Carrera 10K San Silvestre-Puerto Rico\u00a0<\/span><\/h3>\n\n\n<p><strong><em>Finaliza el a\u00f1o corriendo por el Viejo San Juan<\/em><\/strong><\/p>\n\n\n<h3><span style=\"color: #000000;\"><strong data-rich-text-format-boundary=\"true\">Fecha: domingo, 27 de diciembre de 2026<br data-rich-text-line-break=\"true\" \/>Lugar: San Juan, Puerto Rico @ 6:00 am<\/strong><\/span><span style=\"color: #000000;\"><strong data-rich-text-format-boundary=\"true\">\u00a0<\/strong><\/span><\/h3>\n\n\n<p>La <strong>Carrera<\/strong> <strong>10k San Silvestre-Puerto Rico<\/strong>, la cual es una tradici\u00f3n que se realiza en m\u00faltiples pa\u00edses del mundo. Definitivamente, esta es una manera especial de concluir el a\u00f1o corriendo por el Viejo San Juan. Inscripci\u00f3n incluye: <strong><em>Camiseta en microfibra, Medalla del evento y Chip electr\u00f3nico.<\/em><\/strong><\/p>\n\n\n\n<hr class=\"wp-block-separator has-alpha-channel-opacity\"\/>\n\n\n\n<h3 class=\"wp-block-heading\">Tan pronto inicien las inscripiciones para la edici\u00f3n 2026 lo anuncaremos aqu\u00ed\u00a0<\/h3>\n\n\n\n<p>\u00a1MUCHAS GRACIAS!<\/p>\n\n\n\n<div style=\"height:14px\" aria-hidden=\"true\" class=\"wp-block-spacer\"><\/div>\n\n\n\n<hr class=\"wp-block-separator has-alpha-channel-opacity\"\/>\n\n\n\n<div style=\"height:17px\" aria-hidden=\"true\" class=\"wp-block-spacer\"><\/div>\n\n\n\n<h3 class=\"wp-block-heading\">RUTA DE LA CARRERA&nbsp;<\/h3>\n\n\n\n<p>La <strong>salida de la carrera inicia en la Ave. Mu\u00f1oz Rivera<\/strong> (cerca del Hotel Normandie) en direcci\u00f3n hacia la <strong>Calle Norzagaray<\/strong>. Contin\u00faa hasta llegar al redondel del Morro y all\u00ed virar para regresar por la misma Norzagaray hacia la Ave. Constituci\u00f3n. Los corredores siguen directo por la <strong>Ave. Constituci\u00f3n<\/strong> hasta llegar a la Calle Mat\u00edas Ledesma, donde har\u00e1n un viraje en U para regresar a la Plaza Col\u00f3n. Luego siguen por la Ave. Mu\u00f1oz Rivera hasta la <strong>llegada en la Calle San Agust\u00edn <\/strong>(al lado del Parque Mu\u00f1oz Rivera).<\/p>\n\n\n\n<figure class=\"wp-block-image size-large is-resized\"><img loading=\"lazy\" decoding=\"async\" width=\"1024\" height=\"386\" src=\"https:\/\/maratonespr.com\/wp-content\/uploads\/2023\/01\/MapaWEB2022-1024x386.jpg\" alt=\"\" class=\"wp-image-12775\" style=\"width:855px;height:322px\" srcset=\"https:\/\/maratonespr.com\/wp-content\/uploads\/2023\/01\/MapaWEB2022-1024x386.jpg 1024w, https:\/\/maratonespr.com\/wp-content\/uploads\/2023\/01\/MapaWEB2022-768x290.jpg 768w, https:\/\/maratonespr.com\/wp-content\/uploads\/2023\/01\/MapaWEB2022-300x113.jpg 300w, https:\/\/maratonespr.com\/wp-content\/uploads\/2023\/01\/MapaWEB2022.jpg 1268w\" sizes=\"auto, (max-width: 1024px) 100vw, 1024px\" \/><figcaption class=\"wp-element-caption\">Ruta Carrera 10K San Silvestre Puerto Rico<\/figcaption><\/figure>\n\n\n\n<hr class=\"wp-block-separator has-alpha-channel-opacity\"\/>\n\n\n\n<div style=\"height:34px\" aria-hidden=\"true\" class=\"wp-block-spacer\"><\/div>\n\n\n\n<p class=\"has-medium-font-size\"><strong>FUNDACI\u00d3N ASISTENCIA DE TRAUMA<\/strong><\/p>\n\n\n\n<p>Esta carrera se realiza conjuntamente con la Fundaci\u00f3n Asistencia del Centro de Trauma de Puerto Rico.<\/p>\n\n\n\n<p>La <strong>Fundaci\u00f3n Asistencia del Centro de Trauma<\/strong> es una importante organizaci\u00f3n sin fines de lucro que busca mejorar la calidad de servicios m\u00e9dicos en el \u00fanico Centro de Trauma en Puerto Rico.<\/p>\n\n\n\n<p><strong>Los objetivos de la fundaci\u00f3n son:<\/strong><\/p>\n\n\n\n<ul class=\"wp-block-list\">\n<li>Investigaci\u00f3n y publicaci\u00f3n<\/li>\n\n\n\n<li>Realizar actividades de prevenci\u00f3n<\/li>\n\n\n\n<li>Promover y proveer educaci\u00f3n continua en el \u00e1rea de trauma<\/li>\n\n\n\n<li>Rehabilitaci\u00f3n del paciente<\/li>\n\n\n\n<li>Servicio de apoyo emocional a familias<\/li>\n\n\n\n<li>Construcci\u00f3n de un nuevo centro de trauma&nbsp;<\/li>\n<\/ul>\n\n\n\n<div style=\"height:25px\" aria-hidden=\"true\" class=\"wp-block-spacer\"><\/div>\n\n\n\n<hr class=\"wp-block-separator has-css-opacity\"\/>\n\n\n\n<h2 class=\"wp-block-heading\">HISTORIA DE LAS CARRERAS SAN SILVESTRE<\/h2>\n\n\n\n<p>Esta tradici\u00f3n de las carreras San Silvestre menciona la historia comenz\u00f3 en Francia, donde las personas corr\u00edan de noche llevando antorchas al terminar el a\u00f1o. De igual manera, el evento se relaciona con Silvestre I, quien fue el Papa n\u00famero 33 de la Iglesia Cat\u00f3lica el cual muri\u00f3 un 31 de diciembre del a\u00f1o 335. Las mismas se han popularizado en el mundo, por lo que en diciembre muchos pa\u00edses realizan su carrera San Silvestre. Estas son principalmente celebradas en Europa y Latinoam\u00e9rica, donde se han convertido en una tradici\u00f3n de corredores para concluir el a\u00f1o. Por ejemplo, las carreras San Silvestre m\u00e1s famosas del mundo se llevan a cabo en Espa\u00f1a y Brasil. En Puerto Rico realizamos la carrera San Silvestre, el \u00faltimo domingo de diciembre de cada a\u00f1o.<\/p>\n\n\n\n<p class=\"has-medium-font-size\"><strong>Programa<\/strong><\/p>\n\n\n\n<p>5:30 a.m. Calentamiento en el \u00e1rea de salida<\/p>\n\n\n\n<p><strong>6:00 a.m. Salida de la carrera<\/strong> (cerca del antiguo Hotel Normadie)<\/p>\n\n\n\n<p>8:00 a.m. Premiaci\u00f3n a ganadores<\/p>\n\n\n\n<hr class=\"wp-block-separator has-text-color has-vivid-purple-color has-css-opacity has-vivid-purple-background-color has-background is-style-default\"\/>\n\n\n\n<h2 class=\"wp-block-heading\">FOTOS PASADAS EDICIONES<\/h2>\n\n\n\n<div class=\"wp-block-columns is-layout-flex wp-container-core-columns-is-layout-9d6595d7 wp-block-columns-is-layout-flex\">\n<div class=\"wp-block-column is-layout-flow wp-block-column-is-layout-flow\" style=\"flex-basis:100%\">\n<div class=\"wp-block-group\"><div class=\"wp-block-group__inner-container is-layout-flow wp-block-group-is-layout-flow\">\n<div class=\"wp-block-columns is-layout-flex wp-container-core-columns-is-layout-9d6595d7 wp-block-columns-is-layout-flex\">\n<div class=\"wp-block-column is-layout-flow wp-block-column-is-layout-flow\" style=\"flex-basis:100%\">\n<figure class=\"wp-block-gallery has-nested-images columns-default is-cropped wp-block-gallery-1 is-layout-flex wp-block-gallery-is-layout-flex\">\n<figure class=\"wp-block-image size-large\"><img loading=\"lazy\" decoding=\"async\" width=\"577\" height=\"576\" data-id=\"8658\" src=\"https:\/\/maratonespr.com\/wp-content\/uploads\/2020\/01\/WTID8080.jpg\" alt=\"\" class=\"wp-image-8658\" srcset=\"https:\/\/maratonespr.com\/wp-content\/uploads\/2020\/01\/WTID8080.jpg 577w, https:\/\/maratonespr.com\/wp-content\/uploads\/2020\/01\/WTID8080-300x300.jpg 300w, https:\/\/maratonespr.com\/wp-content\/uploads\/2020\/01\/WTID8080-150x150.jpg 150w, https:\/\/maratonespr.com\/wp-content\/uploads\/2020\/01\/WTID8080-90x90.jpg 90w\" sizes=\"auto, (max-width: 577px) 100vw, 577px\" \/><\/figure>\n\n\n\n<figure class=\"wp-block-image size-large\"><img loading=\"lazy\" decoding=\"async\" width=\"576\" height=\"485\" data-id=\"8657\" src=\"https:\/\/maratonespr.com\/wp-content\/uploads\/2020\/01\/image0.jpg\" alt=\"\" class=\"wp-image-8657\" srcset=\"https:\/\/maratonespr.com\/wp-content\/uploads\/2020\/01\/image0.jpg 576w, https:\/\/maratonespr.com\/wp-content\/uploads\/2020\/01\/image0-300x253.jpg 300w\" sizes=\"auto, (max-width: 576px) 100vw, 576px\" \/><\/figure>\n\n\n\n<figure class=\"wp-block-image size-full\"><img loading=\"lazy\" decoding=\"async\" width=\"522\" height=\"522\" data-id=\"12780\" src=\"https:\/\/maratonespr.com\/wp-content\/uploads\/2023\/01\/SanSilvestre2022.jpg\" alt=\"\" class=\"wp-image-12780\" srcset=\"https:\/\/maratonespr.com\/wp-content\/uploads\/2023\/01\/SanSilvestre2022.jpg 522w, https:\/\/maratonespr.com\/wp-content\/uploads\/2023\/01\/SanSilvestre2022-150x150.jpg 150w, https:\/\/maratonespr.com\/wp-content\/uploads\/2023\/01\/SanSilvestre2022-300x300.jpg 300w, https:\/\/maratonespr.com\/wp-content\/uploads\/2023\/01\/SanSilvestre2022-100x100.jpg 100w\" sizes=\"auto, (max-width: 522px) 100vw, 522px\" \/><\/figure>\n\n\n\n<figure class=\"wp-block-image size-full\"><img loading=\"lazy\" decoding=\"async\" width=\"504\" height=\"504\" data-id=\"12777\" src=\"https:\/\/maratonespr.com\/wp-content\/uploads\/2023\/01\/Sansilvestre20222.jpg\" alt=\"\" class=\"wp-image-12777\" srcset=\"https:\/\/maratonespr.com\/wp-content\/uploads\/2023\/01\/Sansilvestre20222.jpg 504w, https:\/\/maratonespr.com\/wp-content\/uploads\/2023\/01\/Sansilvestre20222-150x150.jpg 150w, https:\/\/maratonespr.com\/wp-content\/uploads\/2023\/01\/Sansilvestre20222-300x300.jpg 300w, https:\/\/maratonespr.com\/wp-content\/uploads\/2023\/01\/Sansilvestre20222-100x100.jpg 100w\" sizes=\"auto, (max-width: 504px) 100vw, 504px\" \/><\/figure>\n\n\n\n<figure class=\"wp-block-image size-full\"><img loading=\"lazy\" decoding=\"async\" width=\"540\" height=\"594\" data-id=\"12778\" src=\"https:\/\/maratonespr.com\/wp-content\/uploads\/2023\/01\/SanSilvestre20223.jpg\" alt=\"\" class=\"wp-image-12778\" srcset=\"https:\/\/maratonespr.com\/wp-content\/uploads\/2023\/01\/SanSilvestre20223.jpg 540w, https:\/\/maratonespr.com\/wp-content\/uploads\/2023\/01\/SanSilvestre20223-300x330.jpg 300w\" sizes=\"auto, (max-width: 540px) 100vw, 540px\" \/><\/figure>\n\n\n\n<figure class=\"wp-block-image size-full\"><img loading=\"lazy\" decoding=\"async\" width=\"577\" height=\"576\" data-id=\"8654\" src=\"https:\/\/maratonespr.com\/wp-content\/uploads\/2020\/01\/foto1.jpg\" alt=\"\" class=\"wp-image-8654\" srcset=\"https:\/\/maratonespr.com\/wp-content\/uploads\/2020\/01\/foto1.jpg 577w, https:\/\/maratonespr.com\/wp-content\/uploads\/2020\/01\/foto1-300x300.jpg 300w, https:\/\/maratonespr.com\/wp-content\/uploads\/2020\/01\/foto1-150x150.jpg 150w, https:\/\/maratonespr.com\/wp-content\/uploads\/2020\/01\/foto1-90x90.jpg 90w\" sizes=\"auto, (max-width: 577px) 100vw, 577px\" \/><\/figure>\n<\/figure>\n<\/div>\n<\/div>\n<\/div><\/div>\n<\/div>\n<\/div>\n\n\n\n<hr class=\"wp-block-separator has-text-color has-vivid-purple-color has-css-opacity has-vivid-purple-background-color has-background is-style-default\"\/>\n\n\n\n<h4 class=\"wp-block-heading\">REDES SOCIALES OFICIALES DE LA CARRERA<\/h4>\n\n\n\n<figure class=\"wp-block-image is-resized\"><a href=\"https:\/\/www.facebook.com\/10ksansilvestre\/\" target=\"_blank\" rel=\"https:\/\/www.facebook.com\/10ksansilvestre\/ noopener noreferrer\"><img loading=\"lazy\" decoding=\"async\" width=\"864\" height=\"387\" src=\"https:\/\/maratonespr.com\/wp-content\/uploads\/2019\/07\/loGOS.jpg\" alt=\"\" class=\"wp-image-7849\" style=\"width:216px;height:97px\" srcset=\"https:\/\/maratonespr.com\/wp-content\/uploads\/2019\/07\/loGOS.jpg 864w, https:\/\/maratonespr.com\/wp-content\/uploads\/2019\/07\/loGOS-300x134.jpg 300w, https:\/\/maratonespr.com\/wp-content\/uploads\/2019\/07\/loGOS-768x344.jpg 768w\" sizes=\"auto, (max-width: 864px) 100vw, 864px\" \/><\/a><\/figure>\n\n\n\n<h4 class=\"wp-block-heading\">Facebook <a rel=\"noopener noreferrer\" href=\"https:\/\/www.facebook.com\/10ksansilvestre\/\" target=\"_blank\"><strong>Facebook.com\/<\/strong>10ksansilvestre\/<\/a>         Instagram <a href=\"https:\/\/www.instagram.com\/10ksansilvestre\/\">Instagram.com\/10ksansilvestre<\/a><\/h4>\n\n\n\n<hr class=\"wp-block-separator has-text-color has-vivid-purple-color has-css-opacity has-vivid-purple-background-color has-background is-style-default\"\/>\n\n\n\n<h2 class=\"wp-block-heading\">AUSPICIA:<\/h2>\n\n\n\n<figure class=\"wp-block-image size-full\"><img loading=\"lazy\" decoding=\"async\" width=\"934\" height=\"200\" src=\"https:\/\/maratonespr.com\/wp-content\/uploads\/2023\/11\/Untitled-1.jpg\" alt=\"\" class=\"wp-image-13716\" srcset=\"https:\/\/maratonespr.com\/wp-content\/uploads\/2023\/11\/Untitled-1.jpg 934w, https:\/\/maratonespr.com\/wp-content\/uploads\/2023\/11\/Untitled-1-768x164.jpg 768w, https:\/\/maratonespr.com\/wp-content\/uploads\/2023\/11\/Untitled-1-300x64.jpg 300w\" sizes=\"auto, (max-width: 934px) 100vw, 934px\" \/><\/figure>\n\n\n\n<p class=\"has-small-font-size\"><strong>Para informaci\u00f3n sobre c\u00f3mo formar parte de los auspiciadores de la carrera favor escribir a<\/strong>: <em><strong>10ksansilvestre@gmail.com<\/strong><\/em> <strong> <\/strong><\/p>\n\n\n\n<hr class=\"wp-block-separator has-text-color has-vivid-purple-color has-css-opacity has-vivid-purple-background-color has-background is-style-wide\"\/>\n\n\n\n<div class=\"su-spoiler su-spoiler-style-fancy su-spoiler-icon-plus su-spoiler-closed\" data-scroll-offset=\"0\" data-anchor-in-url=\"no\"><div class=\"su-spoiler-title\" tabindex=\"0\" role=\"button\"><span class=\"su-spoiler-icon\"><\/span> T\u00e9rminos y condiciones de la Carrera<\/div><div class=\"su-spoiler-content su-u-clearfix su-u-trim\">Reglas de la Carrera 10K San Silvestre-Puerto Rico<\/p>\n\n\n\n<p class=\"has-small-font-size\"> &#8211; <strong>No se realizar\u00e1n Devoluciones\/Refund luego de adquirida la inscripci\u00f3n para la carrera 10K<\/strong><\/p>\n\n\n\n<p class=\"has-small-font-size\"> &#8211; Es requisito tener el dorsal oficial de la carrera para participar \/ No intercambiar dorsales.<\/p>\n\n\n\n<p class=\"has-small-font-size\"> &#8211; El participante debe buscar su kit en las fechas establecidas. No se entregar\u00e1n kits fuera de esa fecha.<\/p>\n\n\n\n<p class=\"has-small-font-size\">&#8211; Es requisito ser mayor de 17 a\u00f1os o m\u00e1s para participar de la carrera 10K.<\/p>\n\n\n\n<p class=\"has-small-font-size\">&#8211; <strong>No habr\u00e1 entrega de kit el mismo d\u00eda de la carrera.<\/strong><\/p>\n\n\n\n<p class=\"has-small-font-size\">&#8211; Se le otorgar\u00e1n medallas del evento solo a personas debidamente inscritas y con dorsal oficial. <\/p>\n\n\n\n<p class=\"has-small-font-size\">&#8211; Al inscribirse el participante acepta estos t\u00e9rminos y condiciones establecidas.<\/div><\/div>\n","protected":false},"excerpt":{"rendered":"<p>Carrera 10K San Silvestre-Puerto Rico\u00a0 Finaliza el a\u00f1o corriendo por el Viejo San Juan Fecha: domingo, 27 de diciembre de 2026Lugar: San Juan, Puerto Rico @ 6:00 am\u00a0 La Carrera [&hellip;]<\/p>\n","protected":false},"author":1,"featured_media":0,"parent":0,"menu_order":0,"comment_status":"closed","ping_status":"closed","template":"page-fullwidth.php","meta":{"footnotes":""},"class_list":["post-7676","page","type-page","status-publish","hentry"],"_links":{"self":[{"href":"https:\/\/maratonespr.com\/index.php?rest_route=\/wp\/v2\/pages\/7676","targetHints":{"allow":["GET"]}}],"collection":[{"href":"https:\/\/maratonespr.com\/index.php?rest_route=\/wp\/v2\/pages"}],"about":[{"href":"https:\/\/maratonespr.com\/index.php?rest_route=\/wp\/v2\/types\/page"}],"author":[{"embeddable":true,"href":"https:\/\/maratonespr.com\/index.php?rest_route=\/wp\/v2\/users\/1"}],"replies":[{"embeddable":true,"href":"https:\/\/maratonespr.com\/index.php?rest_route=%2Fwp%2Fv2%2Fcomments&post=7676"}],"version-history":[{"count":620,"href":"https:\/\/maratonespr.com\/index.php?rest_route=\/wp\/v2\/pages\/7676\/revisions"}],"predecessor-version":[{"id":16267,"href":"https:\/\/maratonespr.com\/index.php?rest_route=\/wp\/v2\/pages\/7676\/revisions\/16267"}],"wp:attachment":[{"href":"https:\/\/maratonespr.com\/index.php?rest_route=%2Fwp%2Fv2%2Fmedia&parent=7676"}],"curies":[{"name":"wp","href":"https:\/\/api.w.org\/{rel}","templated":true}]}}