{"id":792,"date":"2014-05-28T11:12:15","date_gmt":"2014-05-28T15:12:15","guid":{"rendered":"https:\/\/maratonespr.com\/?page_id=792"},"modified":"2026-01-03T10:08:23","modified_gmt":"2026-01-03T14:08:23","slug":"nuestros-servicios","status":"publish","type":"page","link":"https:\/\/maratonespr.com\/?page_id=792","title":{"rendered":"Servicios"},"content":{"rendered":"<h3><strong>Tres de los servicios que ofrece Maratonespr.com<\/strong><\/h3>\n<address><a href=\"https:\/\/maratonespr.com\/wp-content\/uploads\/2023\/01\/arco-Maratonespr.jpg\"><img loading=\"lazy\" decoding=\"async\" class=\"alignnone size-full wp-image-12792\" src=\"https:\/\/maratonespr.com\/wp-content\/uploads\/2023\/01\/arco-Maratonespr.jpg\" alt=\"\" width=\"864\" height=\"389\" srcset=\"https:\/\/maratonespr.com\/wp-content\/uploads\/2023\/01\/arco-Maratonespr.jpg 864w, https:\/\/maratonespr.com\/wp-content\/uploads\/2023\/01\/arco-Maratonespr-768x346.jpg 768w, https:\/\/maratonespr.com\/wp-content\/uploads\/2023\/01\/arco-Maratonespr-300x135.jpg 300w\" sizes=\"auto, (max-width: 864px) 100vw, 864px\" \/><\/a>\n<h2><span style=\"color: #3366ff;\"><strong>1. Organizaci\u00f3n de carreras<\/strong><\/span><\/h2>\n<p>En Maratonespr.com te podemos ayudar a organizar la carrera 5k que piensas hacer para que esta sea un \u00e9xito. Adem\u00e1s estar contigo 24\/7 en todo el proceso de la coordinaci\u00f3n.<\/p>\n<p>Maratonespr.com en colaboraci\u00f3n con sus asociados ofrece el servicio de organizar carreras 5k, 10k, entre otras. Obt\u00e9n un servicio profesional con personas experimentadas en el montaje de este tipo de eventos.<br \/>Nuestros servicios incluyen:<\/p>\n<ul>\n<li>Director t\u00e9cnico para la carrera<\/li>\n<li>Sistemas de cronometraje<\/li>\n<li>Arco de llegada<\/li>\n<li>Reloj cron\u00f3metro<\/li>\n<li>Medici\u00f3n de rutas<\/li>\n<li>Asesor\u00eda en el proceso de permisos<\/li>\n<li>Plan log\u00edstico para el evento<\/li>\n<li>Recomendaci\u00f3n de lugares para adquirir las medallas del evento<\/li>\n<li>Promoci\u00f3n del evento en todas las plataformas de Maratonespr.com<\/li>\n<li>Inscripciones Online utilizando nuestra p\u00e1gina web<\/li>\n<li>Otros<\/li>\n<\/ul>\n<p>Los servicios ofrecidos pueden ir desde la organizaci\u00f3n completa de una carrera hasta algunas cosas espec\u00edficas individuales (asesor\u00eda sobre permisos, publicidad, inscripciones<em>\u00a0online<\/em>, entre otros).<\/p>\n<\/address>\n<p><strong>P<\/strong><strong>ara contactarnos favor escribir a:<\/strong>\u00a0maratonespr@gmail.com<\/p>\n<p>_______________________________________________________<\/p>\n<address><a href=\"https:\/\/maratonespr.com\/wp-content\/uploads\/2019\/07\/loGOS.jpg\"><img loading=\"lazy\" decoding=\"async\" class=\"alignnone  wp-image-7849\" src=\"https:\/\/maratonespr.com\/wp-content\/uploads\/2019\/07\/loGOS.jpg\" alt=\"\" width=\"413\" height=\"185\" srcset=\"https:\/\/maratonespr.com\/wp-content\/uploads\/2019\/07\/loGOS.jpg 864w, https:\/\/maratonespr.com\/wp-content\/uploads\/2019\/07\/loGOS-300x134.jpg 300w, https:\/\/maratonespr.com\/wp-content\/uploads\/2019\/07\/loGOS-768x344.jpg 768w\" sizes=\"auto, (max-width: 413px) 100vw, 413px\" \/><\/a><\/address><address>\u00a0<\/address>\n<h2><strong style=\"color: #3366ff; font-size: revert;\">2. Servicios de publicidad<\/strong><\/h2>\n<address>\n<p>Somos un medio que llega a miles de personas que practican el deporte del running en Puerto Rico. Entre los distintos servicios que ofrecemos est\u00e1 la publicidad, donde contamos con m\u00faltiples opciones para anunciarse.<\/p>\n<p>Esta puede ser una excelente alternativa para promocionar carreras, productos nutricionales, compa\u00f1\u00edas de art\u00edculos deportivos, eventos dirigidos a corredores, entre otros.<\/p>\n<p><strong>Opciones de anuncios:<\/strong><\/p>\n<\/address><address>\u2022 Promoci\u00f3n en nuestras diferentes medios sociales (Instagram, Facebook, Thread, Twitter.)<\/address><address>\u2022 Flyer digital en nuestra p\u00e1gina de internet Maratonespr.com<\/address><address>\u2022 Email Blast a miles de corredores en Puerto Rico<\/address><address>\u2022 Video promocional<\/address><address>\u2022 Publicacion en la p\u00e1gina Web Maratonespr.com\u00a0<\/address><address>\u2022 Otros<\/address><address>\u00a0<\/address><address>Escr\u00edbanos a maratonespr@gmail.com para detalles<\/address><address>_______________________________________________________<\/address><address>\u00a0<\/address><address><a href=\"https:\/\/maratonespr.com\/wp-content\/uploads\/2023\/12\/pexels-photo-2526878.jpeg\"><img loading=\"lazy\" decoding=\"async\" class=\"alignnone  wp-image-15603\" src=\"https:\/\/maratonespr.com\/wp-content\/uploads\/2023\/12\/pexels-photo-2526878-1024x576.jpeg\" alt=\"\" width=\"533\" height=\"300\" srcset=\"https:\/\/maratonespr.com\/wp-content\/uploads\/2023\/12\/pexels-photo-2526878-1024x576.jpeg 1024w, https:\/\/maratonespr.com\/wp-content\/uploads\/2023\/12\/pexels-photo-2526878-768x432.jpeg 768w, https:\/\/maratonespr.com\/wp-content\/uploads\/2023\/12\/pexels-photo-2526878-300x169.jpeg 300w, https:\/\/maratonespr.com\/wp-content\/uploads\/2023\/12\/pexels-photo-2526878.jpeg 1260w\" sizes=\"auto, (max-width: 533px) 100vw, 533px\" \/><\/a><\/address>\n\n\n<p><\/p>\n\n\n\n<p><\/p>\n","protected":false},"excerpt":{"rendered":"<p>Tres de los servicios que ofrece Maratonespr.com 1. Organizaci\u00f3n de carreras En Maratonespr.com te podemos ayudar a organizar la carrera 5k que piensas hacer para que esta sea un \u00e9xito. [&hellip;]<\/p>\n","protected":false},"author":1,"featured_media":0,"parent":0,"menu_order":0,"comment_status":"open","ping_status":"open","template":"page-fullwidth.php","meta":{"footnotes":""},"class_list":["post-792","page","type-page","status-publish","hentry"],"_links":{"self":[{"href":"https:\/\/maratonespr.com\/index.php?rest_route=\/wp\/v2\/pages\/792","targetHints":{"allow":["GET"]}}],"collection":[{"href":"https:\/\/maratonespr.com\/index.php?rest_route=\/wp\/v2\/pages"}],"about":[{"href":"https:\/\/maratonespr.com\/index.php?rest_route=\/wp\/v2\/types\/page"}],"author":[{"embeddable":true,"href":"https:\/\/maratonespr.com\/index.php?rest_route=\/wp\/v2\/users\/1"}],"replies":[{"embeddable":true,"href":"https:\/\/maratonespr.com\/index.php?rest_route=%2Fwp%2Fv2%2Fcomments&post=792"}],"version-history":[{"count":64,"href":"https:\/\/maratonespr.com\/index.php?rest_route=\/wp\/v2\/pages\/792\/revisions"}],"predecessor-version":[{"id":16235,"href":"https:\/\/maratonespr.com\/index.php?rest_route=\/wp\/v2\/pages\/792\/revisions\/16235"}],"wp:attachment":[{"href":"https:\/\/maratonespr.com\/index.php?rest_route=%2Fwp%2Fv2%2Fmedia&parent=792"}],"curies":[{"name":"wp","href":"https:\/\/api.w.org\/{rel}","templated":true}]}}