{"id":1014,"date":"2014-06-21T17:50:50","date_gmt":"2014-06-21T21:50:50","guid":{"rendered":"https:\/\/maratonespr.com\/?post_type=product&#038;p=1014"},"modified":"2021-05-05T09:45:56","modified_gmt":"2021-05-05T13:45:56","slug":"maratonespr-t-shirt","status":"publish","type":"product","link":"https:\/\/maratonespr.com\/?product=maratonespr-t-shirt","title":{"rendered":"T-Shirt DryFit Maratonespr"},"content":{"rendered":"<p>T-Shirt Dry Fit oficial de Maratonespr.com color blanca con estampado negro y rojo. Material en microfibra para secado r\u00e1pido, excelente para correr. Disponible en los tamanos Medium, Large, X-Large. Luego de recibir la orden le enviaremos un email para confirmar el tama\u00f1o.<\/p>\n<ul>\n<li>Incluimos el env\u00edo por correo gratis<\/li>\n<li>Al adquirir el Tshirt se le dar\u00e1 acceso gratis a planes de entrenamientos<\/li>\n<\/ul>\n<p>Edici\u00f3n limitada de T-Shirt.<\/p>\n","protected":false},"excerpt":{"rendered":"<p>T-Shirt Dry Fit unisex oficial de Maratonespr.com color blanca con estampado negro y rojo. Material en microfibra para secado r\u00e1pido, excelente para correr. Disponible en tama\u00f1os Medium, Large, X-Large. <strong>Luego de recibir la orden le enviaremos un email para confirmar el tama\u00f1o.<\/strong><\/p>\n<ul>\n<li>Incluye el env\u00edo por correo gratis<\/li>\n<li>Al adquirir el T-Shirt se le obsequiar\u00e1n varios planes de entrenamientos para correr 5k, 10k o 21k.<\/li>\n<\/ul>\n","protected":false},"featured_media":10580,"template":"","meta":[],"product_brand":[],"product_cat":[38],"product_tag":[153],"class_list":{"0":"post-1014","1":"product","2":"type-product","3":"status-publish","4":"has-post-thumbnail","6":"product_cat-t-shirts","7":"product_tag-t-shirts","9":"first","10":"instock","11":"sale","12":"shipping-taxable","13":"purchasable","14":"product-type-simple"},"_links":{"self":[{"href":"https:\/\/maratonespr.com\/index.php?rest_route=\/wp\/v2\/product\/1014","targetHints":{"allow":["GET"]}}],"collection":[{"href":"https:\/\/maratonespr.com\/index.php?rest_route=\/wp\/v2\/product"}],"about":[{"href":"https:\/\/maratonespr.com\/index.php?rest_route=\/wp\/v2\/types\/product"}],"wp:featuredmedia":[{"embeddable":true,"href":"https:\/\/maratonespr.com\/index.php?rest_route=\/wp\/v2\/media\/10580"}],"wp:attachment":[{"href":"https:\/\/maratonespr.com\/index.php?rest_route=%2Fwp%2Fv2%2Fmedia&parent=1014"}],"wp:term":[{"taxonomy":"product_brand","embeddable":true,"href":"https:\/\/maratonespr.com\/index.php?rest_route=%2Fwp%2Fv2%2Fproduct_brand&post=1014"},{"taxonomy":"product_cat","embeddable":true,"href":"https:\/\/maratonespr.com\/index.php?rest_route=%2Fwp%2Fv2%2Fproduct_cat&post=1014"},{"taxonomy":"product_tag","embeddable":true,"href":"https:\/\/maratonespr.com\/index.php?rest_route=%2Fwp%2Fv2%2Fproduct_tag&post=1014"}],"curies":[{"name":"wp","href":"https:\/\/api.w.org\/{rel}","templated":true}]}}