{"id":10306,"date":"2021-02-19T13:26:12","date_gmt":"2021-02-19T17:26:12","guid":{"rendered":"https:\/\/maratonespr.com\/?post_type=product&#038;p=10306"},"modified":"2022-04-24T10:36:21","modified_gmt":"2022-04-24T14:36:21","slug":"guia-de-running-impresa","status":"publish","type":"product","link":"https:\/\/maratonespr.com\/?product=guia-de-running-impresa","title":{"rendered":"Gu\u00eda de Running (Digital)"},"content":{"rendered":"<p><strong>OBT\u00c9N M\u00daLTIPLES PLANES DE RUNNING (DIGITAL)<\/strong><\/p>\n<p>Adquiere diversos planes entrenamiento dirigidos a fortalecer las destrezas de running, algo que puede ayudarte a alcanzar tus metas como corredor. Esta es una excelente opci\u00f3n para aquellas personas que desean mejorar sus tiempos como corredores, pero tambi\u00e9n para quienes buscan planes para distintas distancia. Al adquirir esta gu\u00eda te damos acceso un \u00e1rea de la p\u00e1gina web con entrenamientos calendarizados para completar exitosamente una carrera 5k, 10k o 21k.<\/p>\n<p><strong><u>La Gu\u00eda de Running Digital incluye:<\/u><\/strong><\/p>\n<ul>\n<li>Plan de Entrenamiento B\u00e1sico 5k<\/li>\n<li>Plan de Entrenamiento 5k Avanzado<\/li>\n<li>Plan de Entrenamiento 10k<\/li>\n<li>Plan de Entrenamiento 21K<\/li>\n<li>Tabla de anotaci\u00f3n de entrenamientos<\/li>\n<li>Planes calendarizados f\u00e1ciles de seguir<\/li>\n<li>Conceptos de importantes de entrenamiento<\/li>\n<li><strong>Acceso a secci\u00f3n especial en Maratonespr.com<\/strong>\u00a0(Curso de Running)<\/li>\n<\/ul>\n<p>Es una manera econ\u00f3mica y eficaz para comenzar a trabajar en tus objetivos como corredor.<\/p>\n<p>&nbsp;<\/p>\n","protected":false},"excerpt":{"rendered":"<p><strong>OBT\u00c9N M\u00daLTIPLES PLANES DE RUNNING (DIGITAL)<\/strong><\/p>\n<p>Adquiere diversos planes entrenamiento dirigidos a fortalecer las destrezas de running, algo que puede ayudarte a alcanzar tus metas como corredor. Esta es una excelente opci\u00f3n para aquellas personas que desean mejorar sus tiempos como corredores, pero tambi\u00e9n para quienes buscan planes para distintas distancia. Al adquirir esta gu\u00eda te damos acceso un \u00e1rea de la p\u00e1gina web con entrenamientos calendarizados para completar exitosamente una carrera 5k, 10k o 21k.<\/p>\n<p><strong><u>La Gu\u00eda de Running Digital incluye:<\/u><\/strong><\/p>\n<ul>\n<li>Plan de Entrenamiento B\u00e1sico 5k<\/li>\n<li>Plan de Entrenamiento 5k Avanzado<\/li>\n<li>Plan de Entrenamiento 10k<\/li>\n<li>Plan de Entrenamiento 21K<\/li>\n<li>Tabla de anotaci\u00f3n de entrenamientos<\/li>\n<li>Planes calendarizados f\u00e1ciles de seguir<\/li>\n<li>Conceptos de importantes de entrenamiento<\/li>\n<li><strong>Acceso a secci\u00f3n especial en Maratonespr.com<\/strong>\u00a0(Curso de Running)<\/li>\n<\/ul>\n<p>Es una manera econ\u00f3mica y eficaz para comenzar a trabajar en tus objetivos como corredor.<\/p>\n","protected":false},"featured_media":10310,"template":"","meta":[],"product_brand":[],"product_cat":[161],"product_tag":[],"class_list":{"0":"post-10306","1":"product","2":"type-product","3":"status-publish","4":"has-post-thumbnail","6":"product_cat-plan-de-entrenamiento","8":"first","9":"instock","10":"sale","11":"shipping-taxable","12":"purchasable","13":"product-type-simple"},"_links":{"self":[{"href":"https:\/\/maratonespr.com\/index.php?rest_route=\/wp\/v2\/product\/10306","targetHints":{"allow":["GET"]}}],"collection":[{"href":"https:\/\/maratonespr.com\/index.php?rest_route=\/wp\/v2\/product"}],"about":[{"href":"https:\/\/maratonespr.com\/index.php?rest_route=\/wp\/v2\/types\/product"}],"wp:featuredmedia":[{"embeddable":true,"href":"https:\/\/maratonespr.com\/index.php?rest_route=\/wp\/v2\/media\/10310"}],"wp:attachment":[{"href":"https:\/\/maratonespr.com\/index.php?rest_route=%2Fwp%2Fv2%2Fmedia&parent=10306"}],"wp:term":[{"taxonomy":"product_brand","embeddable":true,"href":"https:\/\/maratonespr.com\/index.php?rest_route=%2Fwp%2Fv2%2Fproduct_brand&post=10306"},{"taxonomy":"product_cat","embeddable":true,"href":"https:\/\/maratonespr.com\/index.php?rest_route=%2Fwp%2Fv2%2Fproduct_cat&post=10306"},{"taxonomy":"product_tag","embeddable":true,"href":"https:\/\/maratonespr.com\/index.php?rest_route=%2Fwp%2Fv2%2Fproduct_tag&post=10306"}],"curies":[{"name":"wp","href":"https:\/\/api.w.org\/{rel}","templated":true}]}}